{"id":6958,"date":"2025-05-29T11:34:04","date_gmt":"2025-05-29T09:34:04","guid":{"rendered":"https:\/\/mastercienciadatos.umh.es\/?page_id=6958"},"modified":"2025-06-19T13:47:48","modified_gmt":"2025-06-19T11:47:48","slug":"curso-2025-2026","status":"publish","type":"page","link":"https:\/\/mastercienciadatos.umh.es\/en\/curso-2025-2026\/","title":{"rendered":"<span lang=\"es\">(Espa\u00f1ol) Curso 2025-2026<\/span>"},"content":{"rendered":"<p class=\"qtranxs-available-languages-message qtranxs-available-languages-message-en\">Sorry, this entry is only available in <a href=\"https:\/\/mastercienciadatos.umh.es\/es\/wp-json\/wp\/v2\/pages\/6958\" class=\"qtranxs-available-language-link qtranxs-available-language-link-es\" title=\"Espa\u00f1ol\">European Spanish<\/a>.<\/p>","protected":false},"excerpt":{"rendered":"<p>Sorry, this entry is only available in European Spanish.<\/p>\n","protected":false},"author":6366,"featured_media":0,"parent":0,"menu_order":0,"comment_status":"closed","ping_status":"closed","template":"","meta":{"_et_pb_use_builder":"","_et_pb_old_content":"","_et_gb_content_width":"","_links_to":"","_links_to_target":""},"yoast_head":"<!-- This site is optimized with the Yoast SEO plugin v17.5 - https:\/\/yoast.com\/wordpress\/plugins\/seo\/ -->\n<title>(Espa\u00f1ol) Curso 2025-2026<\/title>\n<meta name=\"description\" content=\"Horarios de ex\u00e1menes del M\u00e1ster Universitario en Estad\u00edstica Computacional y Ciencia de Datos para la Toma de decisiones 2025-2026\" \/>\n<meta name=\"robots\" content=\"index, follow, max-snippet:-1, max-image-preview:large, max-video-preview:-1\" \/>\n<link rel=\"canonical\" href=\"https:\/\/mastercienciadatos.umh.es\/en\/curso-2025-2026\/\" \/>\n<meta property=\"og:locale\" content=\"en_US\" \/>\n<meta property=\"og:type\" content=\"article\" \/>\n<meta property=\"og:title\" content=\"(Espa\u00f1ol) Curso 2025-2026\" \/>\n<meta property=\"og:description\" content=\"Horarios de ex\u00e1menes del M\u00e1ster Universitario en Estad\u00edstica Computacional y Ciencia de Datos para la Toma de decisiones 2025-2026\" \/>\n<meta property=\"og:url\" content=\"https:\/\/mastercienciadatos.umh.es\/curso-2025-2026\/\" \/>\n<meta property=\"og:site_name\" content=\"M\u00e1ster Universitario en Estad\u00edstica Computacional y Ciencia de Datos para la Toma de Decisiones\" \/>\n<meta property=\"article:modified_time\" content=\"2025-06-19T11:47:48+00:00\" \/>\n<meta name=\"twitter:card\" content=\"summary_large_image\" \/>\n<meta name=\"twitter:label1\" content=\"Est. reading time\" \/>\n\t<meta name=\"twitter:data1\" content=\"2 minutes\" \/>\n<script type=\"application\/ld+json\" class=\"yoast-schema-graph\">{\"@context\":\"https:\/\/schema.org\",\"@graph\":[{\"@type\":\"WebSite\",\"@id\":\"https:\/\/mastercienciadatos.umh.es\/#website\",\"url\":\"https:\/\/mastercienciadatos.umh.es\/\",\"name\":\"M\\u00e1ster Universitario en Estad\\u00edstica Computacional y Ciencia de Datos para la Toma de Decisiones\",\"description\":\"Otro sitio m\\u00e1s de Zeus.umh.es Blogs\",\"potentialAction\":[{\"@type\":\"SearchAction\",\"target\":{\"@type\":\"EntryPoint\",\"urlTemplate\":\"https:\/\/mastercienciadatos.umh.es\/?s={search_term_string}\"},\"query-input\":\"required name=search_term_string\"}],\"inLanguage\":\"en-US\"},{\"@type\":\"WebPage\",\"@id\":\"https:\/\/mastercienciadatos.umh.es\/curso-2025-2026\/#webpage\",\"url\":\"https:\/\/mastercienciadatos.umh.es\/curso-2025-2026\/\",\"name\":\"<span lang=\\\"es\\\">(Espa\\u00f1ol) Curso 2025-2026<\/span>\",\"isPartOf\":{\"@id\":\"https:\/\/mastercienciadatos.umh.es\/#website\"},\"datePublished\":\"2025-05-29T09:34:04+00:00\",\"dateModified\":\"2025-06-19T11:47:48+00:00\",\"description\":\"Horarios de ex\\u00e1menes del M\\u00e1ster Universitario en Estad\\u00edstica Computacional y Ciencia de Datos para la Toma de decisiones 2025-2026\",\"breadcrumb\":{\"@id\":\"https:\/\/mastercienciadatos.umh.es\/curso-2025-2026\/#breadcrumb\"},\"inLanguage\":\"en-US\",\"potentialAction\":[{\"@type\":\"ReadAction\",\"target\":[\"https:\/\/mastercienciadatos.umh.es\/curso-2025-2026\/\"]}]},{\"@type\":\"BreadcrumbList\",\"@id\":\"https:\/\/mastercienciadatos.umh.es\/curso-2025-2026\/#breadcrumb\",\"itemListElement\":[{\"@type\":\"ListItem\",\"position\":1,\"name\":\"Portada\",\"item\":\"https:\/\/mastercienciadatos.umh.es\/\"},{\"@type\":\"ListItem\",\"position\":2,\"name\":\"Curso 2025-2026\"}]}]}<\/script>\n<!-- \/ Yoast SEO plugin. -->","yoast_head_json":{"title":"(Espa\u00f1ol) Curso 2025-2026","description":"Horarios de ex\u00e1menes del M\u00e1ster Universitario en Estad\u00edstica Computacional y Ciencia de Datos para la Toma de decisiones 2025-2026","robots":{"index":"index","follow":"follow","max-snippet":"max-snippet:-1","max-image-preview":"max-image-preview:large","max-video-preview":"max-video-preview:-1"},"canonical":"https:\/\/mastercienciadatos.umh.es\/en\/curso-2025-2026\/","og_locale":"en_US","og_type":"article","og_title":"(Espa\u00f1ol) Curso 2025-2026","og_description":"Horarios de ex\u00e1menes del M\u00e1ster Universitario en Estad\u00edstica Computacional y Ciencia de Datos para la Toma de decisiones 2025-2026","og_url":"https:\/\/mastercienciadatos.umh.es\/curso-2025-2026\/","og_site_name":"M\u00e1ster Universitario en Estad\u00edstica Computacional y Ciencia de Datos para la Toma de Decisiones","article_modified_time":"2025-06-19T11:47:48+00:00","twitter_card":"summary_large_image","twitter_misc":{"Est. reading time":"2 minutes"},"schema":{"@context":"https:\/\/schema.org","@graph":[{"@type":"WebSite","@id":"https:\/\/mastercienciadatos.umh.es\/#website","url":"https:\/\/mastercienciadatos.umh.es\/","name":"M\u00e1ster Universitario en Estad\u00edstica Computacional y Ciencia de Datos para la Toma de Decisiones","description":"Otro sitio m\u00e1s de Zeus.umh.es Blogs","potentialAction":[{"@type":"SearchAction","target":{"@type":"EntryPoint","urlTemplate":"https:\/\/mastercienciadatos.umh.es\/?s={search_term_string}"},"query-input":"required name=search_term_string"}],"inLanguage":"en-US"},{"@type":"WebPage","@id":"https:\/\/mastercienciadatos.umh.es\/curso-2025-2026\/#webpage","url":"https:\/\/mastercienciadatos.umh.es\/curso-2025-2026\/","name":"<span lang=\"es\">(Espa\u00f1ol) Curso 2025-2026<\/span>","isPartOf":{"@id":"https:\/\/mastercienciadatos.umh.es\/#website"},"datePublished":"2025-05-29T09:34:04+00:00","dateModified":"2025-06-19T11:47:48+00:00","description":"Horarios de ex\u00e1menes del M\u00e1ster Universitario en Estad\u00edstica Computacional y Ciencia de Datos para la Toma de decisiones 2025-2026","breadcrumb":{"@id":"https:\/\/mastercienciadatos.umh.es\/curso-2025-2026\/#breadcrumb"},"inLanguage":"en-US","potentialAction":[{"@type":"ReadAction","target":["https:\/\/mastercienciadatos.umh.es\/curso-2025-2026\/"]}]},{"@type":"BreadcrumbList","@id":"https:\/\/mastercienciadatos.umh.es\/curso-2025-2026\/#breadcrumb","itemListElement":[{"@type":"ListItem","position":1,"name":"Portada","item":"https:\/\/mastercienciadatos.umh.es\/"},{"@type":"ListItem","position":2,"name":"Curso 2025-2026"}]}]}},"_links":{"self":[{"href":"https:\/\/mastercienciadatos.umh.es\/en\/wp-json\/wp\/v2\/pages\/6958"}],"collection":[{"href":"https:\/\/mastercienciadatos.umh.es\/en\/wp-json\/wp\/v2\/pages"}],"about":[{"href":"https:\/\/mastercienciadatos.umh.es\/en\/wp-json\/wp\/v2\/types\/page"}],"author":[{"embeddable":true,"href":"https:\/\/mastercienciadatos.umh.es\/en\/wp-json\/wp\/v2\/users\/6366"}],"replies":[{"embeddable":true,"href":"https:\/\/mastercienciadatos.umh.es\/en\/wp-json\/wp\/v2\/comments?post=6958"}],"version-history":[{"count":0,"href":"https:\/\/mastercienciadatos.umh.es\/en\/wp-json\/wp\/v2\/pages\/6958\/revisions"}],"wp:attachment":[{"href":"https:\/\/mastercienciadatos.umh.es\/en\/wp-json\/wp\/v2\/media?parent=6958"}],"curies":[{"name":"wp","href":"https:\/\/api.w.org\/{rel}","templated":true}]}}