{"id":5816,"date":"2021-06-18T13:34:23","date_gmt":"2021-06-18T11:34:23","guid":{"rendered":"https:\/\/mastercienciadatos.umh.es\/?page_id=5816"},"modified":"2025-06-19T13:49:40","modified_gmt":"2025-06-19T11:49:40","slug":"horario","status":"publish","type":"page","link":"https:\/\/mastercienciadatos.umh.es\/en\/horario\/","title":{"rendered":"<span lang=\"es\">(Espa\u00f1ol) Horario<\/span>"},"content":{"rendered":"<p>[et_pb_section fb_built=&#8221;1&#8243; _builder_version=&#8221;4.16&#8243; global_colors_info=&#8221;{}&#8221;][et_pb_row _builder_version=&#8221;4.17.4&#8243; background_size=&#8221;initial&#8221; background_position=&#8221;top_left&#8221; background_repeat=&#8221;repeat&#8221; hover_enabled=&#8221;0&#8243; global_colors_info=&#8221;{}&#8221; sticky_enabled=&#8221;0&#8243;][et_pb_column type=&#8221;4_4&#8243; _builder_version=&#8221;4.16&#8243; custom_padding=&#8221;|||&#8221; global_colors_info=&#8221;{}&#8221; custom_padding__hover=&#8221;|||&#8221;][et_pb_text _builder_version=&#8221;4.17.4&#8243; _module_preset=&#8221;default&#8221; hover_enabled=&#8221;0&#8243; global_colors_info=&#8221;{}&#8221; sticky_enabled=&#8221;0&#8243;]<\/p>\n<h1><strong><u>CURSO 2025-2026<\/u><\/strong><\/h1>\n<p>[\/et_pb_text][et_pb_text _builder_version=&#8221;4.17.4&#8243; _module_preset=&#8221;default&#8221; hover_enabled=&#8221;0&#8243; global_colors_info=&#8221;{}&#8221; sticky_enabled=&#8221;0&#8243;]<\/p>\n<h1><strong><u>PRIMER CUATRIMESTRE<\/u><\/strong>:<\/h1>\n<p>El horario de las asignaturas es de 16:00 a 18:00 y de 18:00 a 20:00.<\/p>\n<p>Semanas 22 septiembre:<\/p>\n<p><img loading=\"lazy\" class=\"wp-image-6989 alignnone \" src=\"https:\/\/mastercienciadatos.umh.es\/files\/2025\/06\/1-1024x339.jpg\" alt=\"\" width=\"592\" height=\"196\" \/><\/p>\n<p>[\/et_pb_text][et_pb_text _builder_version=&#8221;4.17.4&#8243; _module_preset=&#8221;default&#8221; global_colors_info=&#8221;{}&#8221;][\/et_pb_text][et_pb_text _builder_version=&#8221;4.17.4&#8243; _module_preset=&#8221;default&#8221; global_colors_info=&#8221;{}&#8221;]<\/p>\n<p>Semanas 29 septiembre:<\/p>\n<p><img loading=\"lazy\" class=\"alignnone wp-image-6998\" src=\"https:\/\/mastercienciadatos.umh.es\/files\/2025\/06\/2-1024x340.jpg\" alt=\"\" width=\"596\" height=\"198\" \/><\/p>\n<p>[\/et_pb_text][et_pb_text admin_label=&#8221;Texto&#8221; _builder_version=&#8221;4.17.4&#8243; _module_preset=&#8221;default&#8221; global_colors_info=&#8221;{}&#8221;]<\/p>\n<p>Semanas 6 octubre:<\/p>\n<p><img loading=\"lazy\" class=\"wp-image-7001 alignnone \" src=\"https:\/\/mastercienciadatos.umh.es\/files\/2025\/06\/3-1024x337.jpg\" alt=\"\" width=\"598\" height=\"197\" \/><\/p>\n<p>[\/et_pb_text][et_pb_text _builder_version=&#8221;4.17.4&#8243; _module_preset=&#8221;default&#8221; global_colors_info=&#8221;{}&#8221;]<\/p>\n<p>Semanas 13 octubre:<\/p>\n<p><img loading=\"lazy\" class=\"wp-image-7004 alignnone \" src=\"https:\/\/mastercienciadatos.umh.es\/files\/2025\/06\/4-1024x347.jpg\" alt=\"\" width=\"596\" height=\"202\" \/><\/p>\n<p>[\/et_pb_text][et_pb_text _builder_version=&#8221;4.17.4&#8243; _module_preset=&#8221;default&#8221; global_colors_info=&#8221;{}&#8221;]<\/p>\n<p>Semanas 20 octubre:<\/p>\n<p><img loading=\"lazy\" class=\"wp-image-7007 alignnone \" src=\"https:\/\/mastercienciadatos.umh.es\/files\/2025\/06\/5-1024x346.jpg\" alt=\"\" width=\"595\" height=\"201\" \/><\/p>\n<p>[\/et_pb_text][et_pb_text _builder_version=&#8221;4.17.4&#8243; _module_preset=&#8221;default&#8221; global_colors_info=&#8221;{}&#8221;]<\/p>\n<p>Semanas 27 octubre:<\/p>\n<p><img loading=\"lazy\" class=\"wp-image-7016 alignnone \" src=\"https:\/\/mastercienciadatos.umh.es\/files\/2025\/06\/6-1024x344.jpg\" alt=\"\" width=\"595\" height=\"200\" \/><\/p>\n<p>[\/et_pb_text][et_pb_text _builder_version=&#8221;4.17.4&#8243; _module_preset=&#8221;default&#8221; global_colors_info=&#8221;{}&#8221;]<\/p>\n<p>Semanas 3 noviembre:<\/p>\n<p><img loading=\"lazy\" class=\"wp-image-7019 alignnone \" src=\"https:\/\/mastercienciadatos.umh.es\/files\/2025\/06\/7-1024x347.jpg\" alt=\"\" width=\"590\" height=\"200\" \/><\/p>\n<p>[\/et_pb_text][et_pb_text _builder_version=&#8221;4.17.4&#8243; _module_preset=&#8221;default&#8221; global_colors_info=&#8221;{}&#8221;]<\/p>\n<p>Semanas 10 noviembre:<\/p>\n<p><img loading=\"lazy\" class=\"wp-image-7028 alignnone \" src=\"https:\/\/mastercienciadatos.umh.es\/files\/2025\/06\/8-1024x350.jpg\" alt=\"\" width=\"582\" height=\"199\" \/><\/p>\n<p>[\/et_pb_text][et_pb_text _builder_version=&#8221;4.17.4&#8243; _module_preset=&#8221;default&#8221; global_colors_info=&#8221;{}&#8221;]<\/p>\n<p>Semanas 17 noviembre:<\/p>\n<p><img loading=\"lazy\" class=\"wp-image-7037 alignnone \" src=\"https:\/\/mastercienciadatos.umh.es\/files\/2025\/06\/9-1024x347.jpg\" alt=\"\" width=\"575\" height=\"195\" \/><\/p>\n<p>[\/et_pb_text][et_pb_text _builder_version=&#8221;4.17.4&#8243; _module_preset=&#8221;default&#8221; global_colors_info=&#8221;{}&#8221;]<\/p>\n<p>24 noviembre:<\/p>\n<p><img loading=\"lazy\" class=\"wp-image-7040 alignnone \" src=\"https:\/\/mastercienciadatos.umh.es\/files\/2025\/06\/10-1024x346.jpg\" alt=\"\" width=\"583\" height=\"197\" \/><\/p>\n<p>[\/et_pb_text][et_pb_text _builder_version=&#8221;4.17.4&#8243; _module_preset=&#8221;default&#8221; global_colors_info=&#8221;{}&#8221;]<\/p>\n<p>1 de diciembre:<\/p>\n<p><img loading=\"lazy\" class=\"wp-image-7043 alignnone \" src=\"https:\/\/mastercienciadatos.umh.es\/files\/2025\/06\/11-1024x343.jpg\" alt=\"\" width=\"576\" height=\"193\" \/><\/p>\n<p>[\/et_pb_text][et_pb_text _builder_version=&#8221;4.17.4&#8243; _module_preset=&#8221;default&#8221; global_colors_info=&#8221;{}&#8221;]<\/p>\n<p>8 de diciembre:<\/p>\n<p><img loading=\"lazy\" class=\"wp-image-7052 alignnone \" src=\"https:\/\/mastercienciadatos.umh.es\/files\/2025\/06\/12-1024x347.jpg\" alt=\"\" width=\"578\" height=\"196\" \/><\/p>\n<p>[\/et_pb_text][et_pb_text _builder_version=&#8221;4.17.4&#8243; _module_preset=&#8221;default&#8221; global_colors_info=&#8221;{}&#8221;]<\/p>\n<p>Semana 15 de diciembre:<\/p>\n<p><img loading=\"lazy\" class=\"wp-image-7061 alignnone \" src=\"https:\/\/mastercienciadatos.umh.es\/files\/2025\/06\/13-1024x686.jpg\" alt=\"\" width=\"573\" height=\"384\" \/><\/p>\n<p>[\/et_pb_text][et_pb_text _builder_version=&#8221;4.17.4&#8243; _module_preset=&#8221;default&#8221; global_colors_info=&#8221;{}&#8221;]<\/p>\n<h1><strong><u>SEGUNDO CUATRIMESTRE<\/u><\/strong>:<\/h1>\n<p>Del 9 de febrero al 29 de mayo:<\/p>\n<p><img loading=\"lazy\" class=\"wp-image-7064 alignnone \" src=\"https:\/\/mastercienciadatos.umh.es\/files\/2025\/06\/14-1024x375.jpg\" alt=\"\" width=\"598\" height=\"219\" \/><\/p>\n<p><img loading=\"lazy\" class=\"wp-image-7067 alignnone \" src=\"https:\/\/mastercienciadatos.umh.es\/files\/2025\/06\/15-1024x157.jpg\" alt=\"\" width=\"600\" height=\"92\" \/><\/p>\n<p>[\/et_pb_text][et_pb_text disabled_on=&#8221;on|on|on&#8221; _builder_version=&#8221;4.17.4&#8243; _module_preset=&#8221;default&#8221; disabled=&#8221;on&#8221; global_colors_info=&#8221;{}&#8221;]<\/p>\n<p>Semana 25 marzo:<\/p>\n<p><img loading=\"lazy\" class=\"alignnone wp-image-6500 size-full\" src=\"https:\/\/mastercienciadatos.umh.es\/files\/2023\/09\/9.jpg\" alt=\"\" width=\"627\" height=\"287\" srcset=\"https:\/\/mastercienciadatos.umh.es\/files\/2023\/09\/9.jpg 627w, https:\/\/mastercienciadatos.umh.es\/files\/2023\/09\/9-480x220.jpg 480w\" sizes=\"(min-width: 0px) and (max-width: 480px) 480px, (min-width: 481px) 627px, 100vw\" \/><\/p>\n<p>[\/et_pb_text][et_pb_text disabled_on=&#8221;on|on|on&#8221; admin_label=&#8221;Texto&#8221; _builder_version=&#8221;4.17.4&#8243; _module_preset=&#8221;default&#8221; disabled=&#8221;on&#8221; global_colors_info=&#8221;{}&#8221;]<\/p>\n<p>Del 8 de abril hasta final de curso:<\/p>\n<p><img loading=\"lazy\" class=\"alignnone wp-image-6502 size-full\" src=\"https:\/\/mastercienciadatos.umh.es\/files\/2023\/09\/10.jpg\" alt=\"\" width=\"627\" height=\"289\" srcset=\"https:\/\/mastercienciadatos.umh.es\/files\/2023\/09\/10.jpg 627w, https:\/\/mastercienciadatos.umh.es\/files\/2023\/09\/10-480x221.jpg 480w\" sizes=\"(min-width: 0px) and (max-width: 480px) 480px, (min-width: 481px) 627px, 100vw\" \/><\/p>\n<p>[\/et_pb_text][\/et_pb_column][\/et_pb_row][\/et_pb_section]<\/p>\n","protected":false},"excerpt":{"rendered":"<p>CURSO 2025-2026PRIMER CUATRIMESTRE: El horario de las asignaturas es de 16:00 a 18:00 y de 18:00 a 20:00. Semanas 22 septiembre: Semanas 29 septiembre: Semanas 6 octubre: Semanas 13 octubre: Semanas 20 octubre: Semanas 27 octubre: Semanas 3 noviembre: Semanas 10 noviembre: Semanas 17 noviembre: 24 noviembre: 1 de diciembre: 8 de diciembre: Semana 15 [&hellip;]<\/p>\n","protected":false},"author":3804,"featured_media":0,"parent":0,"menu_order":0,"comment_status":"closed","ping_status":"closed","template":"","meta":{"_et_pb_use_builder":"on","_et_pb_old_content":"<p><img class=\"alignnone wp-image-5819 size-full\" src=\"https:\/\/mastercienciadatos.umh.es\/files\/2021\/06\/Horarios-2020-2021-01.jpg\" alt=\"\" width=\"843\" height=\"596\" \/> <img class=\"alignnone wp-image-5822 size-full\" src=\"https:\/\/mastercienciadatos.umh.es\/files\/2021\/06\/Horarios-2020-2021-02.jpg\" alt=\"\" width=\"843\" height=\"596\" \/><\/p>","_et_gb_content_width":"","_links_to":"","_links_to_target":""},"yoast_head":"<!-- This site is optimized with the Yoast SEO plugin v17.5 - https:\/\/yoast.com\/wordpress\/plugins\/seo\/ -->\n<title>(Espa\u00f1ol) Horario<\/title>\n<meta name=\"description\" content=\"Horario M\u00e1ster Universitario en Estad\u00edstica Computacional y Ciencia de Datos para la Toma de decisiones\" \/>\n<meta name=\"robots\" content=\"index, follow, max-snippet:-1, max-image-preview:large, max-video-preview:-1\" \/>\n<link rel=\"canonical\" href=\"https:\/\/mastercienciadatos.umh.es\/en\/horario\/\" \/>\n<meta property=\"og:locale\" content=\"en_US\" \/>\n<meta property=\"og:type\" content=\"article\" \/>\n<meta property=\"og:title\" content=\"(Espa\u00f1ol) Horario\" \/>\n<meta property=\"og:description\" content=\"Horario M\u00e1ster Universitario en Estad\u00edstica Computacional y Ciencia de Datos para la Toma de decisiones\" \/>\n<meta property=\"og:url\" content=\"https:\/\/mastercienciadatos.umh.es\/horario\/\" \/>\n<meta property=\"og:site_name\" content=\"M\u00e1ster Universitario en Estad\u00edstica Computacional y Ciencia de Datos para la Toma de Decisiones\" \/>\n<meta property=\"article:modified_time\" content=\"2025-06-19T11:49:40+00:00\" \/>\n<meta property=\"og:image\" content=\"https:\/\/mastercienciadatos.umh.es\/files\/2025\/06\/1-1024x339.jpg\" \/>\n<meta name=\"twitter:card\" content=\"summary_large_image\" \/>\n<meta name=\"twitter:label1\" content=\"Est. reading time\" \/>\n\t<meta name=\"twitter:data1\" content=\"2 minutes\" \/>\n<script type=\"application\/ld+json\" class=\"yoast-schema-graph\">{\"@context\":\"https:\/\/schema.org\",\"@graph\":[{\"@type\":\"WebSite\",\"@id\":\"https:\/\/mastercienciadatos.umh.es\/#website\",\"url\":\"https:\/\/mastercienciadatos.umh.es\/\",\"name\":\"M\\u00e1ster Universitario en Estad\\u00edstica Computacional y Ciencia de Datos para la Toma de Decisiones\",\"description\":\"Otro sitio m\\u00e1s de Zeus.umh.es Blogs\",\"potentialAction\":[{\"@type\":\"SearchAction\",\"target\":{\"@type\":\"EntryPoint\",\"urlTemplate\":\"https:\/\/mastercienciadatos.umh.es\/?s={search_term_string}\"},\"query-input\":\"required name=search_term_string\"}],\"inLanguage\":\"en-US\"},{\"@type\":\"ImageObject\",\"@id\":\"https:\/\/mastercienciadatos.umh.es\/horario\/#primaryimage\",\"inLanguage\":\"en-US\",\"url\":\"https:\/\/mastercienciadatos.umh.es\/files\/2025\/06\/1.jpg\",\"contentUrl\":\"https:\/\/mastercienciadatos.umh.es\/files\/2025\/06\/1.jpg\",\"width\":1252,\"height\":415},{\"@type\":\"WebPage\",\"@id\":\"https:\/\/mastercienciadatos.umh.es\/horario\/#webpage\",\"url\":\"https:\/\/mastercienciadatos.umh.es\/horario\/\",\"name\":\"<span lang=\\\"es\\\">(Espa\\u00f1ol) Horario<\/span>\",\"isPartOf\":{\"@id\":\"https:\/\/mastercienciadatos.umh.es\/#website\"},\"primaryImageOfPage\":{\"@id\":\"https:\/\/mastercienciadatos.umh.es\/horario\/#primaryimage\"},\"datePublished\":\"2021-06-18T11:34:23+00:00\",\"dateModified\":\"2025-06-19T11:49:40+00:00\",\"description\":\"Horario M\\u00e1ster Universitario en Estad\\u00edstica Computacional y Ciencia de Datos para la Toma de decisiones\",\"breadcrumb\":{\"@id\":\"https:\/\/mastercienciadatos.umh.es\/horario\/#breadcrumb\"},\"inLanguage\":\"en-US\",\"potentialAction\":[{\"@type\":\"ReadAction\",\"target\":[\"https:\/\/mastercienciadatos.umh.es\/horario\/\"]}]},{\"@type\":\"BreadcrumbList\",\"@id\":\"https:\/\/mastercienciadatos.umh.es\/horario\/#breadcrumb\",\"itemListElement\":[{\"@type\":\"ListItem\",\"position\":1,\"name\":\"Portada\",\"item\":\"https:\/\/mastercienciadatos.umh.es\/\"},{\"@type\":\"ListItem\",\"position\":2,\"name\":\"Horario\"}]}]}<\/script>\n<!-- \/ Yoast SEO plugin. -->","yoast_head_json":{"title":"(Espa\u00f1ol) Horario","description":"Horario M\u00e1ster Universitario en Estad\u00edstica Computacional y Ciencia de Datos para la Toma de decisiones","robots":{"index":"index","follow":"follow","max-snippet":"max-snippet:-1","max-image-preview":"max-image-preview:large","max-video-preview":"max-video-preview:-1"},"canonical":"https:\/\/mastercienciadatos.umh.es\/en\/horario\/","og_locale":"en_US","og_type":"article","og_title":"(Espa\u00f1ol) Horario","og_description":"Horario M\u00e1ster Universitario en Estad\u00edstica Computacional y Ciencia de Datos para la Toma de decisiones","og_url":"https:\/\/mastercienciadatos.umh.es\/horario\/","og_site_name":"M\u00e1ster Universitario en Estad\u00edstica Computacional y Ciencia de Datos para la Toma de Decisiones","article_modified_time":"2025-06-19T11:49:40+00:00","og_image":[{"url":"https:\/\/mastercienciadatos.umh.es\/files\/2025\/06\/1-1024x339.jpg"}],"twitter_card":"summary_large_image","twitter_misc":{"Est. reading time":"2 minutes"},"schema":{"@context":"https:\/\/schema.org","@graph":[{"@type":"WebSite","@id":"https:\/\/mastercienciadatos.umh.es\/#website","url":"https:\/\/mastercienciadatos.umh.es\/","name":"M\u00e1ster Universitario en Estad\u00edstica Computacional y Ciencia de Datos para la Toma de Decisiones","description":"Otro sitio m\u00e1s de Zeus.umh.es Blogs","potentialAction":[{"@type":"SearchAction","target":{"@type":"EntryPoint","urlTemplate":"https:\/\/mastercienciadatos.umh.es\/?s={search_term_string}"},"query-input":"required name=search_term_string"}],"inLanguage":"en-US"},{"@type":"ImageObject","@id":"https:\/\/mastercienciadatos.umh.es\/horario\/#primaryimage","inLanguage":"en-US","url":"https:\/\/mastercienciadatos.umh.es\/files\/2025\/06\/1.jpg","contentUrl":"https:\/\/mastercienciadatos.umh.es\/files\/2025\/06\/1.jpg","width":1252,"height":415},{"@type":"WebPage","@id":"https:\/\/mastercienciadatos.umh.es\/horario\/#webpage","url":"https:\/\/mastercienciadatos.umh.es\/horario\/","name":"<span lang=\"es\">(Espa\u00f1ol) Horario<\/span>","isPartOf":{"@id":"https:\/\/mastercienciadatos.umh.es\/#website"},"primaryImageOfPage":{"@id":"https:\/\/mastercienciadatos.umh.es\/horario\/#primaryimage"},"datePublished":"2021-06-18T11:34:23+00:00","dateModified":"2025-06-19T11:49:40+00:00","description":"Horario M\u00e1ster Universitario en Estad\u00edstica Computacional y Ciencia de Datos para la Toma de decisiones","breadcrumb":{"@id":"https:\/\/mastercienciadatos.umh.es\/horario\/#breadcrumb"},"inLanguage":"en-US","potentialAction":[{"@type":"ReadAction","target":["https:\/\/mastercienciadatos.umh.es\/horario\/"]}]},{"@type":"BreadcrumbList","@id":"https:\/\/mastercienciadatos.umh.es\/horario\/#breadcrumb","itemListElement":[{"@type":"ListItem","position":1,"name":"Portada","item":"https:\/\/mastercienciadatos.umh.es\/"},{"@type":"ListItem","position":2,"name":"Horario"}]}]}},"_links":{"self":[{"href":"https:\/\/mastercienciadatos.umh.es\/en\/wp-json\/wp\/v2\/pages\/5816"}],"collection":[{"href":"https:\/\/mastercienciadatos.umh.es\/en\/wp-json\/wp\/v2\/pages"}],"about":[{"href":"https:\/\/mastercienciadatos.umh.es\/en\/wp-json\/wp\/v2\/types\/page"}],"author":[{"embeddable":true,"href":"https:\/\/mastercienciadatos.umh.es\/en\/wp-json\/wp\/v2\/users\/3804"}],"replies":[{"embeddable":true,"href":"https:\/\/mastercienciadatos.umh.es\/en\/wp-json\/wp\/v2\/comments?post=5816"}],"version-history":[{"count":0,"href":"https:\/\/mastercienciadatos.umh.es\/en\/wp-json\/wp\/v2\/pages\/5816\/revisions"}],"wp:attachment":[{"href":"https:\/\/mastercienciadatos.umh.es\/en\/wp-json\/wp\/v2\/media?parent=5816"}],"curies":[{"name":"wp","href":"https:\/\/api.w.org\/{rel}","templated":true}]}}