{"id":41,"date":"2017-02-14T09:01:39","date_gmt":"2017-02-14T09:01:39","guid":{"rendered":"http:\/\/local.edu-desarrollo.umh.es\/?page_id=41"},"modified":"2023-05-15T09:51:29","modified_gmt":"2023-05-15T07:51:29","slug":"blog","status":"publish","type":"page","link":"https:\/\/mastercienciadatos.umh.es\/en\/blog\/","title":{"rendered":"Blog"},"content":{"rendered":"<p>[et_pb_section fb_built=&#8221;1&#8243; _builder_version=&#8221;4.16&#8243; global_colors_info=&#8221;{}&#8221;][et_pb_row column_structure=&#8221;3_4,1_4&#8243; _builder_version=&#8221;4.16&#8243; background_size=&#8221;initial&#8221; background_position=&#8221;top_left&#8221; background_repeat=&#8221;repeat&#8221; global_colors_info=&#8221;{}&#8221;][et_pb_column type=&#8221;3_4&#8243; _builder_version=&#8221;4.16&#8243; custom_padding=&#8221;|||&#8221; global_colors_info=&#8221;{}&#8221; custom_padding__hover=&#8221;|||&#8221;][et_pb_text disabled_on=&#8221;on|on|on&#8221; admin_label=&#8221;Texto&#8221; _builder_version=&#8221;4.17.4&#8243; background_size=&#8221;initial&#8221; background_position=&#8221;top_left&#8221; background_repeat=&#8221;repeat&#8221; disabled=&#8221;on&#8221; global_colors_info=&#8221;{}&#8221;]<\/p>\n<p><a href=\"http:\/\/mastercooperacion.umh.es\/2014\/05\/22\/publicada-la-ii-convocatoria-de-becas-para-la-realizacion-de-estudios-del-master-interuniversitario-en-cooperacion-al-desarrollo-especialidad-en-salud-en-paises-en-desarrollo\/\" rel=\"bookmark\">Publicada la II Convocatoria de Becas para la realizaci\u00f3n de estudios del \u201cM\u00e1ster Interuniversitario en Cooperaci\u00f3n al Desarrollo -Especialidad en Salud en Pa\u00edses en Desarrollo\u201d<\/a><br \/>Destinadas a estudiantes procedentes de pa\u00edses receptores de Ayuda Oficial al Desarrollo (AOD) para la realizaci\u00f3n de estudios en el \u201cM\u00e1ster Interuniversitario en Cooperaci\u00f3n al Desarrollo\u201d<\/p>\n<table border=\"1\" width=\"668\" cellspacing=\"0\" cellpadding=\"0\">\n<tbody>\n<tr>\n<td width=\"576\"><b>Convocatoria 2014\/2015<\/b><\/td>\n<\/tr>\n<\/tbody>\n<\/table>\n<p>Plazo de Solicitud Becas [Abierto]:\u00a0 Del 22 de mayo al 10 de junio de 2014<br \/>La Universidad Miguel Hern\u00e1ndez de Elche, en colaboraci\u00f3n con la Direcci\u00f3n General de Integraci\u00f3n y Cooperaci\u00f3n al Desarrollo de la Conseller\u00eda de Bienestar Social de la Generalitat Valenciana, dentro de su pol\u00edtica para contribuir a la mejora del desarrollo de los pueblos m\u00e1s desfavorecidos y fortalecer las competencias generales y espec\u00edficas de los agentes de la cooperaci\u00f3n, publica las siguientes Bases, en r\u00e9gimen de concurrencia competitiva, por la que se regula la subvenci\u00f3n de 13 becas para la realizaci\u00f3n de estudios en el \u201cM\u00e1ster Interuniversitario en Cooperaci\u00f3n al Desarrollo \u2013 Especialidad en Salud en pa\u00edses desarrollo \u2013 de la Universidad Miguel Hern\u00e1ndez de Elche, durante el curso acad\u00e9mico 2014\/2015. M\u00e1s informaci\u00f3n y Bases de la Convocatoria en el enlace de\u00a0<a href=\"http:\/\/mastercooperacion.umh.es\/httpestudios-umh-esmasteres-y-doctoradolistado-de-masteres\/becas\/becas-especificas\/\">Becas Espec\u00edficas<\/a>\u00a0de la Web del M\u00e1ster de Cooperaci\u00f3n al Desarrollo.<\/p>\n<p>[\/et_pb_text][et_pb_blog include_categories=&#8221;all&#8221; _builder_version=&#8221;4.16&#8243; global_colors_info=&#8221;{}&#8221;][\/et_pb_blog][\/et_pb_column][et_pb_column type=&#8221;1_4&#8243; _builder_version=&#8221;4.16&#8243; custom_padding=&#8221;|||&#8221; global_colors_info=&#8221;{}&#8221; custom_padding__hover=&#8221;|||&#8221;][et_pb_code _builder_version=&#8221;4.17.4&#8243; hover_enabled=&#8221;0&#8243; global_colors_info=&#8221;{}&#8221; admin_label=&#8221;C\u00f3digo&#8221; sticky_enabled=&#8221;0&#8243;][\/et_pb_code][\/et_pb_column][\/et_pb_row][\/et_pb_section]<\/p>\n","protected":false},"excerpt":{"rendered":"<p>Publicada la II Convocatoria de Becas para la realizaci\u00f3n de estudios del \u201cM\u00e1ster Interuniversitario en Cooperaci\u00f3n al Desarrollo -Especialidad en Salud en Pa\u00edses en Desarrollo\u201dDestinadas a estudiantes procedentes de pa\u00edses receptores de Ayuda Oficial al Desarrollo (AOD) para la realizaci\u00f3n de estudios en el \u201cM\u00e1ster Interuniversitario en Cooperaci\u00f3n al Desarrollo\u201d Convocatoria 2014\/2015 Plazo de Solicitud [&hellip;]<\/p>\n","protected":false},"author":1159,"featured_media":0,"parent":0,"menu_order":0,"comment_status":"closed","ping_status":"closed","template":"","meta":{"_et_pb_use_builder":"on","_et_pb_old_content":"<a href=\"http:\/\/mastercooperacion.umh.es\/2014\/05\/22\/publicada-la-ii-convocatoria-de-becas-para-la-realizacion-de-estudios-del-master-interuniversitario-en-cooperacion-al-desarrollo-especialidad-en-salud-en-paises-en-desarrollo\/\" rel=\"bookmark\">Publicada la II Convocatoria de Becas para la realizaci\u00f3n de estudios del \u201cM\u00e1ster Interuniversitario en Cooperaci\u00f3n al Desarrollo -Especialidad en Salud en Pa\u00edses en Desarrollo\u201d<\/a>\r\nDestinadas a estudiantes procedentes de pa\u00edses receptores de Ayuda Oficial al Desarrollo (AOD) para la realizaci\u00f3n de estudios en el \u201cM\u00e1ster Interuniversitario en Cooperaci\u00f3n al Desarrollo\u201d\r\n<table border=\"1\" width=\"668\" cellspacing=\"0\" cellpadding=\"0\">\r\n<tbody>\r\n<tr>\r\n<td width=\"576\"><b>Convocatoria 2014\/2015<\/b><\/td>\r\n<\/tr>\r\n<\/tbody>\r\n<\/table>\r\nPlazo de Solicitud Becas [Abierto]:\u00a0 Del 22 de mayo al 10 de junio de 2014\r\nLa Universidad Miguel Hern\u00e1ndez de Elche, en colaboraci\u00f3n con la Direcci\u00f3n General de Integraci\u00f3n y Cooperaci\u00f3n al Desarrollo de la Conseller\u00eda de Bienestar Social de la Generalitat Valenciana, dentro de su pol\u00edtica para contribuir a la mejora del desarrollo de los pueblos m\u00e1s desfavorecidos y fortalecer las competencias generales y espec\u00edficas de los agentes de la cooperaci\u00f3n, publica las siguientes Bases, en r\u00e9gimen de concurrencia competitiva, por la que se regula la subvenci\u00f3n de 13 becas para la realizaci\u00f3n de estudios en el \u201cM\u00e1ster Interuniversitario en Cooperaci\u00f3n al Desarrollo \u2013 Especialidad en Salud en pa\u00edses desarrollo \u2013 de la Universidad Miguel Hern\u00e1ndez de Elche, durante el curso acad\u00e9mico 2014\/2015. M\u00e1s informaci\u00f3n y Bases de la Convocatoria en el enlace de\u00a0<a href=\"http:\/\/mastercooperacion.umh.es\/httpestudios-umh-esmasteres-y-doctoradolistado-de-masteres\/becas\/becas-especificas\/\">Becas Espec\u00edficas<\/a>\u00a0de la Web del M\u00e1ster de Cooperaci\u00f3n al Desarrollo.","_et_gb_content_width":"","_links_to":"","_links_to_target":""},"yoast_head":"<!-- This site is optimized with the Yoast SEO plugin v17.5 - https:\/\/yoast.com\/wordpress\/plugins\/seo\/ -->\n<title>Blog - M\u00e1ster Universitario en Estad\u00edstica Computacional y Ciencia de Datos para la Toma de Decisiones<\/title>\n<meta name=\"robots\" content=\"index, follow, max-snippet:-1, max-image-preview:large, max-video-preview:-1\" \/>\n<link rel=\"canonical\" href=\"https:\/\/mastercienciadatos.umh.es\/en\/blog\/\" \/>\n<meta property=\"og:locale\" content=\"en_US\" \/>\n<meta property=\"og:type\" content=\"article\" \/>\n<meta property=\"og:title\" content=\"Blog - M\u00e1ster Universitario en Estad\u00edstica Computacional y Ciencia de Datos para la Toma de Decisiones\" \/>\n<meta property=\"og:description\" content=\"Publicada la II Convocatoria de Becas para la realizaci\u00f3n de estudios del \u201cM\u00e1ster Interuniversitario en Cooperaci\u00f3n al Desarrollo -Especialidad en Salud en Pa\u00edses en Desarrollo\u201dDestinadas a estudiantes procedentes de pa\u00edses receptores de Ayuda Oficial al Desarrollo (AOD) para la realizaci\u00f3n de estudios en el \u201cM\u00e1ster Interuniversitario en Cooperaci\u00f3n al Desarrollo\u201d Convocatoria 2014\/2015 Plazo de Solicitud [&hellip;]\" \/>\n<meta property=\"og:url\" content=\"https:\/\/mastercienciadatos.umh.es\/blog\/\" \/>\n<meta property=\"og:site_name\" content=\"M\u00e1ster Universitario en Estad\u00edstica Computacional y Ciencia de Datos para la Toma de Decisiones\" \/>\n<meta property=\"article:modified_time\" content=\"2023-05-15T07:51:29+00:00\" \/>\n<meta name=\"twitter:card\" content=\"summary_large_image\" \/>\n<meta name=\"twitter:label1\" content=\"Est. reading time\" \/>\n\t<meta name=\"twitter:data1\" content=\"2 minutes\" \/>\n<script type=\"application\/ld+json\" class=\"yoast-schema-graph\">{\"@context\":\"https:\/\/schema.org\",\"@graph\":[{\"@type\":\"WebSite\",\"@id\":\"https:\/\/mastercienciadatos.umh.es\/#website\",\"url\":\"https:\/\/mastercienciadatos.umh.es\/\",\"name\":\"M\\u00e1ster Universitario en Estad\\u00edstica Computacional y Ciencia de Datos para la Toma de Decisiones\",\"description\":\"Otro sitio m\\u00e1s de Zeus.umh.es Blogs\",\"potentialAction\":[{\"@type\":\"SearchAction\",\"target\":{\"@type\":\"EntryPoint\",\"urlTemplate\":\"https:\/\/mastercienciadatos.umh.es\/?s={search_term_string}\"},\"query-input\":\"required name=search_term_string\"}],\"inLanguage\":\"en-US\"},{\"@type\":\"WebPage\",\"@id\":\"https:\/\/mastercienciadatos.umh.es\/blog\/#webpage\",\"url\":\"https:\/\/mastercienciadatos.umh.es\/blog\/\",\"name\":\"Blog - M\\u00e1ster Universitario en Estad\\u00edstica Computacional y Ciencia de Datos para la Toma de Decisiones\",\"isPartOf\":{\"@id\":\"https:\/\/mastercienciadatos.umh.es\/#website\"},\"datePublished\":\"2017-02-14T09:01:39+00:00\",\"dateModified\":\"2023-05-15T07:51:29+00:00\",\"breadcrumb\":{\"@id\":\"https:\/\/mastercienciadatos.umh.es\/blog\/#breadcrumb\"},\"inLanguage\":\"en-US\",\"potentialAction\":[{\"@type\":\"ReadAction\",\"target\":[\"https:\/\/mastercienciadatos.umh.es\/blog\/\"]}]},{\"@type\":\"BreadcrumbList\",\"@id\":\"https:\/\/mastercienciadatos.umh.es\/blog\/#breadcrumb\",\"itemListElement\":[{\"@type\":\"ListItem\",\"position\":1,\"name\":\"Portada\",\"item\":\"https:\/\/mastercienciadatos.umh.es\/\"},{\"@type\":\"ListItem\",\"position\":2,\"name\":\"Blog\"}]}]}<\/script>\n<!-- \/ Yoast SEO plugin. -->","yoast_head_json":{"title":"Blog - M\u00e1ster Universitario en Estad\u00edstica Computacional y Ciencia de Datos para la Toma de Decisiones","robots":{"index":"index","follow":"follow","max-snippet":"max-snippet:-1","max-image-preview":"max-image-preview:large","max-video-preview":"max-video-preview:-1"},"canonical":"https:\/\/mastercienciadatos.umh.es\/en\/blog\/","og_locale":"en_US","og_type":"article","og_title":"Blog - M\u00e1ster Universitario en Estad\u00edstica Computacional y Ciencia de Datos para la Toma de Decisiones","og_description":"Publicada la II Convocatoria de Becas para la realizaci\u00f3n de estudios del \u201cM\u00e1ster Interuniversitario en Cooperaci\u00f3n al Desarrollo -Especialidad en Salud en Pa\u00edses en Desarrollo\u201dDestinadas a estudiantes procedentes de pa\u00edses receptores de Ayuda Oficial al Desarrollo (AOD) para la realizaci\u00f3n de estudios en el \u201cM\u00e1ster Interuniversitario en Cooperaci\u00f3n al Desarrollo\u201d Convocatoria 2014\/2015 Plazo de Solicitud [&hellip;]","og_url":"https:\/\/mastercienciadatos.umh.es\/blog\/","og_site_name":"M\u00e1ster Universitario en Estad\u00edstica Computacional y Ciencia de Datos para la Toma de Decisiones","article_modified_time":"2023-05-15T07:51:29+00:00","twitter_card":"summary_large_image","twitter_misc":{"Est. reading time":"2 minutes"},"schema":{"@context":"https:\/\/schema.org","@graph":[{"@type":"WebSite","@id":"https:\/\/mastercienciadatos.umh.es\/#website","url":"https:\/\/mastercienciadatos.umh.es\/","name":"M\u00e1ster Universitario en Estad\u00edstica Computacional y Ciencia de Datos para la Toma de Decisiones","description":"Otro sitio m\u00e1s de Zeus.umh.es Blogs","potentialAction":[{"@type":"SearchAction","target":{"@type":"EntryPoint","urlTemplate":"https:\/\/mastercienciadatos.umh.es\/?s={search_term_string}"},"query-input":"required name=search_term_string"}],"inLanguage":"en-US"},{"@type":"WebPage","@id":"https:\/\/mastercienciadatos.umh.es\/blog\/#webpage","url":"https:\/\/mastercienciadatos.umh.es\/blog\/","name":"Blog - M\u00e1ster Universitario en Estad\u00edstica Computacional y Ciencia de Datos para la Toma de Decisiones","isPartOf":{"@id":"https:\/\/mastercienciadatos.umh.es\/#website"},"datePublished":"2017-02-14T09:01:39+00:00","dateModified":"2023-05-15T07:51:29+00:00","breadcrumb":{"@id":"https:\/\/mastercienciadatos.umh.es\/blog\/#breadcrumb"},"inLanguage":"en-US","potentialAction":[{"@type":"ReadAction","target":["https:\/\/mastercienciadatos.umh.es\/blog\/"]}]},{"@type":"BreadcrumbList","@id":"https:\/\/mastercienciadatos.umh.es\/blog\/#breadcrumb","itemListElement":[{"@type":"ListItem","position":1,"name":"Portada","item":"https:\/\/mastercienciadatos.umh.es\/"},{"@type":"ListItem","position":2,"name":"Blog"}]}]}},"_links":{"self":[{"href":"https:\/\/mastercienciadatos.umh.es\/en\/wp-json\/wp\/v2\/pages\/41"}],"collection":[{"href":"https:\/\/mastercienciadatos.umh.es\/en\/wp-json\/wp\/v2\/pages"}],"about":[{"href":"https:\/\/mastercienciadatos.umh.es\/en\/wp-json\/wp\/v2\/types\/page"}],"author":[{"embeddable":true,"href":"https:\/\/mastercienciadatos.umh.es\/en\/wp-json\/wp\/v2\/users\/1159"}],"replies":[{"embeddable":true,"href":"https:\/\/mastercienciadatos.umh.es\/en\/wp-json\/wp\/v2\/comments?post=41"}],"version-history":[{"count":0,"href":"https:\/\/mastercienciadatos.umh.es\/en\/wp-json\/wp\/v2\/pages\/41\/revisions"}],"wp:attachment":[{"href":"https:\/\/mastercienciadatos.umh.es\/en\/wp-json\/wp\/v2\/media?parent=41"}],"curies":[{"name":"wp","href":"https:\/\/api.w.org\/{rel}","templated":true}]}}