{"id":6204,"date":"2023-01-24T12:21:27","date_gmt":"2023-01-24T11:21:27","guid":{"rendered":"https:\/\/mastercienciadatos.umh.es\/?page_id=6204"},"modified":"2025-05-21T13:41:01","modified_gmt":"2025-05-21T11:41:01","slug":"examenes","status":"publish","type":"page","link":"https:\/\/mastercienciadatos.umh.es\/ca\/horario\/examenes\/","title":{"rendered":"Borrador autom\u00e1tico"},"content":{"rendered":"<p>[et_pb_section fb_built=&#8221;1&#8243; admin_label=&#8221;Secci\u00f3n&#8221; _builder_version=&#8221;4.17.4&#8243; _module_preset=&#8221;default&#8221; global_colors_info=&#8221;{}&#8221;][et_pb_row _builder_version=&#8221;4.17.4&#8243; _module_preset=&#8221;default&#8221; collapsed=&#8221;off&#8221; global_colors_info=&#8221;{}&#8221;][et_pb_column type=&#8221;4_4&#8243; _builder_version=&#8221;4.17.4&#8243; _module_preset=&#8221;default&#8221; global_colors_info=&#8221;{}&#8221;][et_pb_text admin_label=&#8221;Texto&#8221; _builder_version=&#8221;4.17.4&#8243; _module_preset=&#8221;default&#8221; global_colors_info=&#8221;{}&#8221;]<\/p>\n<h1>EX\u00c1MENES<\/h1>\n<p>DICIEMBRE 2023.<\/p>\n<p><img loading=\"lazy\" class=\"wp-image-6504 alignnone size-full\" src=\"https:\/\/mastercienciadatos.umh.es\/files\/2023\/09\/11.jpg\" alt=\"\" width=\"827\" height=\"728\" srcset=\"https:\/\/mastercienciadatos.umh.es\/files\/2023\/09\/11.jpg 827w, https:\/\/mastercienciadatos.umh.es\/files\/2023\/09\/11-480x423.jpg 480w\" sizes=\"(min-width: 0px) and (max-width: 480px) 480px, (min-width: 481px) 827px, 100vw\" \/><\/p>\n<p><strong>PRIMER CUATRIMESTRE (ENERO-FEBRERO 2024):\u00a0<\/strong><\/p>\n<p>Todos los ex\u00e1menes del primer\u00a0cuatrimestre son de 16:00h-19:00h.<\/p>\n<p><img loading=\"lazy\" class=\"wp-image-6506 alignnone size-full\" src=\"https:\/\/mastercienciadatos.umh.es\/files\/2023\/09\/12.jpg\" alt=\"\" width=\"669\" height=\"357\" srcset=\"https:\/\/mastercienciadatos.umh.es\/files\/2023\/09\/12.jpg 669w, https:\/\/mastercienciadatos.umh.es\/files\/2023\/09\/12-480x256.jpg 480w\" sizes=\"(min-width: 0px) and (max-width: 480px) 480px, (min-width: 481px) 669px, 100vw\" \/><\/p>\n<p><strong>SEGUNDO CUATRIMESTRE (JUNIO 2024)<\/strong>:<\/p>\n<p>Todos los ex\u00e1menes del segundo cuatrimestre son de 16:00h \u2013 19:00h.<\/p>\n<p><img loading=\"lazy\" class=\"alignnone wp-image-6508 size-full\" src=\"https:\/\/mastercienciadatos.umh.es\/files\/2023\/09\/13.jpg\" alt=\"\" width=\"614\" height=\"525\" srcset=\"https:\/\/mastercienciadatos.umh.es\/files\/2023\/09\/13.jpg 614w, https:\/\/mastercienciadatos.umh.es\/files\/2023\/09\/13-480x410.jpg 480w\" sizes=\"(min-width: 0px) and (max-width: 480px) 480px, (min-width: 481px) 614px, 100vw\" \/><\/p>\n<p><strong>EX\u00c1MENES SEPTIEMBRE 2023:<\/strong><\/p>\n<p><img loading=\"lazy\" class=\"alignnone wp-image-6510 size-full\" src=\"https:\/\/mastercienciadatos.umh.es\/files\/2023\/09\/14.jpg\" alt=\"\" width=\"826\" height=\"727\" srcset=\"https:\/\/mastercienciadatos.umh.es\/files\/2023\/09\/14.jpg 826w, https:\/\/mastercienciadatos.umh.es\/files\/2023\/09\/14-480x422.jpg 480w\" sizes=\"(min-width: 0px) and (max-width: 480px) 480px, (min-width: 481px) 826px, 100vw\" \/><\/p>\n<h1><strong>Fecha<\/strong>\u00a0<strong>presentaci\u00f3n TFM<\/strong>:<\/h1>\n<p>11 de diciembre 2023, 17 y 18 de junio 2024, 11 y 12 de septiembre 2024, de 16h a 20h.<\/p>\n<p>[\/et_pb_text][\/et_pb_column][\/et_pb_row][\/et_pb_section][et_pb_section fb_built=&#8221;1&#8243; fullwidth=&#8221;on&#8221; _builder_version=&#8221;4.17.4&#8243; _module_preset=&#8221;default&#8221; collapsed=&#8221;on&#8221; global_colors_info=&#8221;{}&#8221;][et_pb_fullwidth_image _builder_version=&#8221;4.17.4&#8243; _module_preset=&#8221;default&#8221; global_colors_info=&#8221;{}&#8221;][\/et_pb_fullwidth_image][\/et_pb_section]<\/p>\n","protected":false},"excerpt":{"rendered":"<p>EX\u00c1MENES DICIEMBRE 2023. PRIMER CUATRIMESTRE (ENERO-FEBRERO 2024):\u00a0 Todos los ex\u00e1menes del primer\u00a0cuatrimestre son de 16:00h-19:00h. SEGUNDO CUATRIMESTRE (JUNIO 2024): Todos los ex\u00e1menes del segundo cuatrimestre son de 16:00h \u2013 19:00h. EX\u00c1MENES SEPTIEMBRE 2023: Fecha\u00a0presentaci\u00f3n TFM: 11 de diciembre 2023, 17 y 18 de junio 2024, 11 y 12 de septiembre 2024, de 16h a 20h.<\/p>\n","protected":false},"author":4259,"featured_media":0,"parent":5816,"menu_order":0,"comment_status":"closed","ping_status":"closed","template":"","meta":{"_et_pb_use_builder":"on","_et_pb_old_content":"","_et_gb_content_width":"","_links_to":"","_links_to_target":""},"yoast_head":"<!-- This site is optimized with the Yoast SEO plugin v17.5 - https:\/\/yoast.com\/wordpress\/plugins\/seo\/ -->\n<title>Borrador autom\u00e1tico<\/title>\n<meta name=\"description\" content=\"Ex\u00e1menes M\u00e1ster Universitario en Estad\u00edstica Computacional y Ciencia de Datos para la toma de decisiones\" \/>\n<meta name=\"robots\" content=\"index, follow, max-snippet:-1, max-image-preview:large, max-video-preview:-1\" \/>\n<link rel=\"canonical\" href=\"https:\/\/mastercienciadatos.umh.es\/ca\/horario\/examenes\/\" \/>\n<meta property=\"og:locale\" content=\"ca_ES\" \/>\n<meta property=\"og:type\" content=\"article\" \/>\n<meta property=\"og:title\" content=\"Borrador autom\u00e1tico\" \/>\n<meta property=\"og:description\" content=\"Ex\u00e1menes M\u00e1ster Universitario en Estad\u00edstica Computacional y Ciencia de Datos para la toma de decisiones\" \/>\n<meta property=\"og:url\" content=\"https:\/\/mastercienciadatos.umh.es\/horario\/examenes\/\" \/>\n<meta property=\"og:site_name\" content=\"M\u00e1ster Universitario en Estad\u00edstica Computacional y Ciencia de Datos para la Toma de Decisiones\" \/>\n<meta property=\"article:modified_time\" content=\"2025-05-21T11:41:01+00:00\" \/>\n<meta property=\"og:image\" content=\"https:\/\/mastercienciadatos.umh.es\/files\/2023\/09\/11.jpg\" \/>\n<meta name=\"twitter:card\" content=\"summary_large_image\" \/>\n<meta name=\"twitter:label1\" content=\"Est. reading time\" \/>\n\t<meta name=\"twitter:data1\" content=\"1 minut\" \/>\n<script type=\"application\/ld+json\" class=\"yoast-schema-graph\">{\"@context\":\"https:\/\/schema.org\",\"@graph\":[{\"@type\":\"WebSite\",\"@id\":\"https:\/\/mastercienciadatos.umh.es\/#website\",\"url\":\"https:\/\/mastercienciadatos.umh.es\/\",\"name\":\"M\\u00e1ster Universitario en Estad\\u00edstica Computacional y Ciencia de Datos para la Toma de Decisiones\",\"description\":\"Otro sitio m\\u00e1s de Zeus.umh.es Blogs\",\"potentialAction\":[{\"@type\":\"SearchAction\",\"target\":{\"@type\":\"EntryPoint\",\"urlTemplate\":\"https:\/\/mastercienciadatos.umh.es\/?s={search_term_string}\"},\"query-input\":\"required name=search_term_string\"}],\"inLanguage\":\"ca\"},{\"@type\":\"ImageObject\",\"@id\":\"https:\/\/mastercienciadatos.umh.es\/horario\/examenes\/#primaryimage\",\"inLanguage\":\"ca\",\"url\":\"https:\/\/mastercienciadatos.umh.es\/files\/2023\/09\/11.jpg\",\"contentUrl\":\"https:\/\/mastercienciadatos.umh.es\/files\/2023\/09\/11.jpg\",\"width\":827,\"height\":728},{\"@type\":\"WebPage\",\"@id\":\"https:\/\/mastercienciadatos.umh.es\/horario\/examenes\/#webpage\",\"url\":\"https:\/\/mastercienciadatos.umh.es\/horario\/examenes\/\",\"name\":\"Borrador autom\\u00e1tico\",\"isPartOf\":{\"@id\":\"https:\/\/mastercienciadatos.umh.es\/#website\"},\"primaryImageOfPage\":{\"@id\":\"https:\/\/mastercienciadatos.umh.es\/horario\/examenes\/#primaryimage\"},\"datePublished\":\"2023-01-24T11:21:27+00:00\",\"dateModified\":\"2025-05-21T11:41:01+00:00\",\"description\":\"Ex\\u00e1menes M\\u00e1ster Universitario en Estad\\u00edstica Computacional y Ciencia de Datos para la toma de decisiones\",\"breadcrumb\":{\"@id\":\"https:\/\/mastercienciadatos.umh.es\/horario\/examenes\/#breadcrumb\"},\"inLanguage\":\"ca\",\"potentialAction\":[{\"@type\":\"ReadAction\",\"target\":[\"https:\/\/mastercienciadatos.umh.es\/horario\/examenes\/\"]}]},{\"@type\":\"BreadcrumbList\",\"@id\":\"https:\/\/mastercienciadatos.umh.es\/horario\/examenes\/#breadcrumb\",\"itemListElement\":[{\"@type\":\"ListItem\",\"position\":1,\"name\":\"Portada\",\"item\":\"https:\/\/mastercienciadatos.umh.es\/\"},{\"@type\":\"ListItem\",\"position\":2,\"name\":\"Horario\",\"item\":\"https:\/\/mastercienciadatos.umh.es\/horario\/\"},{\"@type\":\"ListItem\",\"position\":3,\"name\":\"Ex\\u00e1menes\"}]}]}<\/script>\n<!-- \/ Yoast SEO plugin. -->","yoast_head_json":{"title":"Borrador autom\u00e1tico","description":"Ex\u00e1menes M\u00e1ster Universitario en Estad\u00edstica Computacional y Ciencia de Datos para la toma de decisiones","robots":{"index":"index","follow":"follow","max-snippet":"max-snippet:-1","max-image-preview":"max-image-preview:large","max-video-preview":"max-video-preview:-1"},"canonical":"https:\/\/mastercienciadatos.umh.es\/ca\/horario\/examenes\/","og_locale":"ca_ES","og_type":"article","og_title":"Borrador autom\u00e1tico","og_description":"Ex\u00e1menes M\u00e1ster Universitario en Estad\u00edstica Computacional y Ciencia de Datos para la toma de decisiones","og_url":"https:\/\/mastercienciadatos.umh.es\/horario\/examenes\/","og_site_name":"M\u00e1ster Universitario en Estad\u00edstica Computacional y Ciencia de Datos para la Toma de Decisiones","article_modified_time":"2025-05-21T11:41:01+00:00","og_image":[{"url":"https:\/\/mastercienciadatos.umh.es\/files\/2023\/09\/11.jpg"}],"twitter_card":"summary_large_image","twitter_misc":{"Est. reading time":"1 minut"},"schema":{"@context":"https:\/\/schema.org","@graph":[{"@type":"WebSite","@id":"https:\/\/mastercienciadatos.umh.es\/#website","url":"https:\/\/mastercienciadatos.umh.es\/","name":"M\u00e1ster Universitario en Estad\u00edstica Computacional y Ciencia de Datos para la Toma de Decisiones","description":"Otro sitio m\u00e1s de Zeus.umh.es Blogs","potentialAction":[{"@type":"SearchAction","target":{"@type":"EntryPoint","urlTemplate":"https:\/\/mastercienciadatos.umh.es\/?s={search_term_string}"},"query-input":"required name=search_term_string"}],"inLanguage":"ca"},{"@type":"ImageObject","@id":"https:\/\/mastercienciadatos.umh.es\/horario\/examenes\/#primaryimage","inLanguage":"ca","url":"https:\/\/mastercienciadatos.umh.es\/files\/2023\/09\/11.jpg","contentUrl":"https:\/\/mastercienciadatos.umh.es\/files\/2023\/09\/11.jpg","width":827,"height":728},{"@type":"WebPage","@id":"https:\/\/mastercienciadatos.umh.es\/horario\/examenes\/#webpage","url":"https:\/\/mastercienciadatos.umh.es\/horario\/examenes\/","name":"Borrador autom\u00e1tico","isPartOf":{"@id":"https:\/\/mastercienciadatos.umh.es\/#website"},"primaryImageOfPage":{"@id":"https:\/\/mastercienciadatos.umh.es\/horario\/examenes\/#primaryimage"},"datePublished":"2023-01-24T11:21:27+00:00","dateModified":"2025-05-21T11:41:01+00:00","description":"Ex\u00e1menes M\u00e1ster Universitario en Estad\u00edstica Computacional y Ciencia de Datos para la toma de decisiones","breadcrumb":{"@id":"https:\/\/mastercienciadatos.umh.es\/horario\/examenes\/#breadcrumb"},"inLanguage":"ca","potentialAction":[{"@type":"ReadAction","target":["https:\/\/mastercienciadatos.umh.es\/horario\/examenes\/"]}]},{"@type":"BreadcrumbList","@id":"https:\/\/mastercienciadatos.umh.es\/horario\/examenes\/#breadcrumb","itemListElement":[{"@type":"ListItem","position":1,"name":"Portada","item":"https:\/\/mastercienciadatos.umh.es\/"},{"@type":"ListItem","position":2,"name":"Horario","item":"https:\/\/mastercienciadatos.umh.es\/horario\/"},{"@type":"ListItem","position":3,"name":"Ex\u00e1menes"}]}]}},"_links":{"self":[{"href":"https:\/\/mastercienciadatos.umh.es\/ca\/wp-json\/wp\/v2\/pages\/6204"}],"collection":[{"href":"https:\/\/mastercienciadatos.umh.es\/ca\/wp-json\/wp\/v2\/pages"}],"about":[{"href":"https:\/\/mastercienciadatos.umh.es\/ca\/wp-json\/wp\/v2\/types\/page"}],"author":[{"embeddable":true,"href":"https:\/\/mastercienciadatos.umh.es\/ca\/wp-json\/wp\/v2\/users\/4259"}],"replies":[{"embeddable":true,"href":"https:\/\/mastercienciadatos.umh.es\/ca\/wp-json\/wp\/v2\/comments?post=6204"}],"version-history":[{"count":0,"href":"https:\/\/mastercienciadatos.umh.es\/ca\/wp-json\/wp\/v2\/pages\/6204\/revisions"}],"up":[{"embeddable":true,"href":"https:\/\/mastercienciadatos.umh.es\/ca\/wp-json\/wp\/v2\/pages\/5816"}],"wp:attachment":[{"href":"https:\/\/mastercienciadatos.umh.es\/ca\/wp-json\/wp\/v2\/media?parent=6204"}],"curies":[{"name":"wp","href":"https:\/\/api.w.org\/{rel}","templated":true}]}}